{"id":86,"date":"2015-07-17T14:50:35","date_gmt":"2015-07-17T12:50:35","guid":{"rendered":"http:\/\/ordination-jabarzadeh.at\/?page_id=86"},"modified":"2019-06-27T09:06:44","modified_gmt":"2019-06-27T07:06:44","slug":"dr-hoss-jabarzadeh","status":"publish","type":"page","link":"https:\/\/ordination-jabarzadeh.at\/?page_id=86","title":{"rendered":"Dr. Hoss Jabarzadeh"},"content":{"rendered":"<p><img decoding=\"async\" class=\"alignnone wp-image-462 size-full\" src=\"http:\/\/ordination-jabarzadeh.at\/wp-content\/uploads\/2019\/06\/Jabarzadeh-Doktor.jpg\" alt=\"\" width=\"100%\" height=\"auto\"><\/p>\n<p>Dr. Hoss Jabarzadeh<\/p>\n<ul>\n<li>Arzt f\u00fcr Allgemeinmedizin<\/li>\n<li>Facharzt f\u00fcr An\u00e4sthesie-Intensivmedizin und Schmerztherapie<\/li>\n<li>Aktiver Notarzt<\/li>\n<li>Langj\u00e4hrige T\u00e4tigkeit als Oberarzt am LKH Klagenfurt<\/li>\n<li>Fortbildungsdiplom f\u00fcr Neuraltherapie<\/li>\n<li>Fortbildungsdiplom f\u00fcr spezielle Schmerztherapie<\/li>\n<li>4 Semester Fortbildung Universit\u00e4t Wien (vertiefte Schmerztherapie)<\/li>\n<\/ul>\n","protected":false},"excerpt":{"rendered":"<p>Dr. Hoss Jabarzadeh Arzt f\u00fcr Allgemeinmedizin Facharzt f\u00fcr An\u00e4sthesie-Intensivmedizin und Schmerztherapie Aktiver Notarzt Langj\u00e4hrige T\u00e4tigkeit als Oberarzt am LKH Klagenfurt Fortbildungsdiplom f\u00fcr Neuraltherapie Fortbildungsdiplom f\u00fcr spezielle Schmerztherapie 4 Semester Fortbildung Universit\u00e4t Wien (vertiefte Schmerztherapie)<\/p>\n","protected":false},"author":1,"featured_media":0,"parent":0,"menu_order":0,"comment_status":"closed","ping_status":"open","template":"","meta":{"ngg_post_thumbnail":0,"footnotes":""},"class_list":["post-86","page","type-page","status-publish","hentry"],"_links":{"self":[{"href":"https:\/\/ordination-jabarzadeh.at\/index.php?rest_route=\/wp\/v2\/pages\/86"}],"collection":[{"href":"https:\/\/ordination-jabarzadeh.at\/index.php?rest_route=\/wp\/v2\/pages"}],"about":[{"href":"https:\/\/ordination-jabarzadeh.at\/index.php?rest_route=\/wp\/v2\/types\/page"}],"author":[{"embeddable":true,"href":"https:\/\/ordination-jabarzadeh.at\/index.php?rest_route=\/wp\/v2\/users\/1"}],"replies":[{"embeddable":true,"href":"https:\/\/ordination-jabarzadeh.at\/index.php?rest_route=%2Fwp%2Fv2%2Fcomments&post=86"}],"version-history":[{"count":4,"href":"https:\/\/ordination-jabarzadeh.at\/index.php?rest_route=\/wp\/v2\/pages\/86\/revisions"}],"predecessor-version":[{"id":489,"href":"https:\/\/ordination-jabarzadeh.at\/index.php?rest_route=\/wp\/v2\/pages\/86\/revisions\/489"}],"wp:attachment":[{"href":"https:\/\/ordination-jabarzadeh.at\/index.php?rest_route=%2Fwp%2Fv2%2Fmedia&parent=86"}],"curies":[{"name":"wp","href":"https:\/\/api.w.org\/{rel}","templated":true}]}}